{"id":2372,"date":"2013-09-27T16:24:25","date_gmt":"2013-09-27T14:24:25","guid":{"rendered":"https:\/\/www.shabbychiccolors.com\/informativa-sulla-privacy-2\/"},"modified":"2021-11-22T11:42:33","modified_gmt":"2021-11-22T10:42:33","slug":"informativa-sulla-privacy","status":"publish","type":"page","link":"https:\/\/www.shabbychiccolors.com\/en\/informativa-sulla-privacy\/","title":{"rendered":"Informativa sulla privacy"},"content":{"rendered":"\t\t<div data-elementor-type=\"wp-page\" data-elementor-id=\"2372\" class=\"elementor elementor-2372 elementor-1240\" data-elementor-post-type=\"page\">\n\t\t\t\t\t\t<section class=\"wd-negative-gap elementor-section elementor-top-section elementor-element elementor-element-6c1e8259 elementor-section-boxed elementor-section-height-default elementor-section-height-default\" data-id=\"6c1e8259\" data-element_type=\"section\" data-e-type=\"section\">\n\t\t\t\t\t\t<div class=\"elementor-container elementor-column-gap-default\">\n\t\t\t\t\t<div class=\"elementor-column elementor-col-100 elementor-top-column elementor-element elementor-element-73a2c597\" data-id=\"73a2c597\" data-element_type=\"column\" data-e-type=\"column\">\n\t\t\t<div class=\"elementor-widget-wrap elementor-element-populated\">\n\t\t\t\t\t\t<div class=\"elementor-element elementor-element-2825102e link-under color-scheme-inherit text-left elementor-widget elementor-widget-text-editor\" data-id=\"2825102e\" data-element_type=\"widget\" data-e-type=\"widget\" data-widget_type=\"text-editor.default\">\n\t\t\t\t<div class=\"elementor-widget-container\">\n\t\t\t\t\t\t\t\t\t<h2>PRIVACY POLICY<\/h2>\n<p>Gentile Utente,<br \/>La informiamo, ai sensi dell&#8217;art. 13 del D. Lgs. 196\/2003, che <em>shabbychiccolors.com<\/em> proceder\u00e0 al trattamento dei dati da Lei forniti nel rispetto della normativa in materia di tutela del trattamento dei dati personali.<\/p>\n<p>Il conferimento dei dati \u00e8 facoltativo ma un eventuale rifiuto determina l&#8217;impossibilit\u00e0 di godere dei servizi richiesti ad shabbychiccolors.com.<\/p>\n<p>I dati personali da Lei forniti sono raccolti con modalit\u00e0 telematiche e trattati, anche con l&#8217;ausilio di mezzi elettronici, per le seguenti finalit\u00e0:<\/p>\n<ol>\n<li>raccogliere dati ed informazioni in via generale ed in particolare sugli Utenti del sito Internet;<\/li>\n<li>inviare materiale informativo legato alle molteplici attivit\u00e0 di shabbychiccolors.com;<\/li>\n<li>elaborare studi e ricerche statistiche in relazione agli accessi al Servizio;<\/li>\n<li>I dati personali da Lei forniti saranno conservati presso shabbychiccolors.com e trattati da parte di dipendenti e\/o professionisti da questo incaricati, i quali svolgono le suddette attivit\u00e0 sotto la sua diretta supervisione e responsabilit\u00e0.<\/li>\n<li>I dati comunicati potranno essere trasmessi a soggetti esterni che svolgono funzioni strettamente connesse e strumentali all&#8217;operativit\u00e0 del Servizio.<\/li>\n<\/ol>\n<p>Ai sensi dell&#8217;art. 7 del D. Lgs. 196\/2003, Lei ha diritto in qualsiasi momento di ottenere, a cura del Responsabile del trattamento (indirizzo e-mail: <a href=\"mailto:info@shabbychiccolors.com\">info@shabbychiccolors.com<\/a>), informazioni sul trattamento dei Suoi dati, sulle modalit\u00e0 e finalit\u00e0 e sulla logica ad esso applicata, nonch\u00e9:<\/p>\n<ol>\n<li>la conferma dell&#8217;esistenza dei dati e la comunicazione degli stessi e della loro origine;<\/li>\n<li>gli estremi identificativi del Titolare e dei Responsabili nonch\u00e9 i soggetti o le categorie di soggetti ai quali i dati possono essere comunicati o che possono venirne a conoscenza in qualit\u00e0 di Responsabili o incaricati;<\/li>\n<li>l&#8217;aggiornamento, la rettifica e l&#8217;integrazione dei dati;<\/li>\n<li>la cancellazione, la trasformazione in forma anonima, il blocco dei dati trattati in violazione di legge;<\/li>\n<li>l&#8217;attestazione che le operazioni di cui ai punti 3. e 4. sono state portate a conoscenza di coloro ai quali i dati sono stati comunicati e diffusi, con l&#8217;eccezione del caso in cui tale adempimento si rivela impossibile o comporta un impiego di mezzi manifestamente sproporzionato rispetto al diritto tutelato;<\/li>\n<li>di opporsi: al trattamento dei dati, ancorch\u00e9 pertinenti allo scopo della raccolta, per motivi legittimi; al trattamento dei dati per fini di informazione commerciale o per il compimento di ricerche di mercato.<\/li>\n<\/ol>\n<p>Il Titolare del trattamento \u00e8 Colorificio Rosati Sas, con sede in Via Alessandro Manzoni, 17 \u2013 46019 Viadana (MN).<\/p>\n\t\t\t\t\t\t\t\t<\/div>\n\t\t\t\t<\/div>\n\t\t\t\t\t<\/div>\n\t\t<\/div>\n\t\t\t\t\t<\/div>\n\t\t<\/section>\n\t\t\t\t<section class=\"wd-negative-gap elementor-section elementor-top-section elementor-element elementor-element-96c25e6 link-under elementor-section-boxed elementor-section-height-default elementor-section-height-default\" data-id=\"96c25e6\" data-element_type=\"section\" data-e-type=\"section\">\n\t\t\t\t\t\t<div class=\"elementor-container elementor-column-gap-default\">\n\t\t\t\t\t<div class=\"elementor-column elementor-col-100 elementor-top-column elementor-element elementor-element-743888c\" data-id=\"743888c\" data-element_type=\"column\" data-e-type=\"column\">\n\t\t\t<div class=\"elementor-widget-wrap elementor-element-populated\">\n\t\t\t\t\t\t<div class=\"elementor-element elementor-element-76f8c52 elementor-widget elementor-widget-wd_text_block\" data-id=\"76f8c52\" data-element_type=\"widget\" data-e-type=\"widget\" data-widget_type=\"wd_text_block.default\">\n\t\t\t\t<div class=\"elementor-widget-container\">\n\t\t\t\t\t\t\t<div class=\"wd-text-block reset-last-child text-left\">\n\t\t\t\n\t\t\t<h2>COOKIE POLICY<\/h2><p>Questo Sito fa utilizzo di Cookie.<\/p><p>Con il presente documento, ai sensi degli artt. 13 e 122 del D. Lgs. 196\/2003 (\u201ccodice privacy\u201d), nonch\u00e9 in base a quanto previsto dal Provvedimento generale del Garante privacy dell\u20198 maggio 2014, il titolare del sito (titolare del trattamento), fornisce agli utenti del sito alcune informazioni relative ai cookie utilizzati.<\/p><h4>COSA SONO I COOKIE<\/h4><p>Un \u201ccookie\u201d \u00e8 un piccolo file di testo creato sul computer dell\u2019utente al momento in cui questo accede ad un determinato sito, con lo scopo di immagazzinare e trasportare informazioni. I cookie sono inviati da un server web (che \u00e8 il computer sul quale \u00e8 in esecuzione il sito web visitato) al browser dell\u2019utente (Internet Explorer, Mozilla Firefox, Google Chrome, Opera, ecc.) e memorizzati sul computer di quest\u2019ultimo; vengono, quindi, re-inviati al sito web al momento delle visite successive.<br \/>Nel corso della navigazione l\u2019utente potrebbe ricevere sul suo terminale anche cookie di siti diversi (c.d. cookies di \u201cterze parti\u201d), impostati direttamente da gestori di detti siti web e utilizzati per le finalit\u00e0 e secondo le modalit\u00e0 da questi definiti.<\/p><h4>TIPOLOGIE DI COOKIE UTILIZZATE DAL PRESENTE SITO<\/h4><h4>COOKIE TECNICI<\/h4><p>I cookie tecnici sono quelli utilizzati al solo fine di \"effettuare la trasmissione di una comunicazione su una rete di comunicazione elettronica, o nella misura strettamente necessaria al fornitore di un servizio della societ\u00e0 dell'informazione esplicitamente richiesto dall'abbonato o dall'Utente a erogare tale servizio\" (cfr. art. 122, comma 1, del Codice).<br \/>Essi non vengono utilizzati per scopi ulteriori e sono normalmente installati direttamente dal titolare o gestore del sito web. Possono essere suddivisi in:<\/p><ul><li>cookie di navigazione o di sessione, che garantiscono la normale navigazione e fruizione del sito web (permettendo, ad esempio, di realizzare un acquisto o autenticarsi per accedere ad aree riservate); essi sono di fatto necessari per il corretto funzionamento del sito;<\/li><li>cookie analytics, assimilati ai cookie tecnici laddove utilizzati direttamente dal gestore del sito per raccogliere informazioni, in forma aggregata, sul numero degli utenti e su come questi visitano il sito stesso, al fine di migliorare le performance del sito;<\/li><li>cookie di funzionalit\u00e0, che permettono all'Utente la navigazione in funzione di una serie di criteri selezionati (ad esempio, la lingua, i prodotti selezionati per l'acquisto) al fine di migliorare il servizio reso allo stesso. Per l'installazione di tali cookie non \u00e8 richiesto il preventivo consenso degli utenti (pi\u00f9 informazioni nel paragrafo Gestione dei cookie in basso).<\/li><\/ul><h4>COOKIE DI TERZE PARTI<\/h4><p>I Cookie di terza parte sono i Cookie impostati da un dominio diverso da quello visitato dall\u2019Utente. Per questi Cookie, l'obbligo dell'informativa e dell'indicazione delle modalit\u00e0 per l'eventuale consenso e\/o blocco dei Cookie spetta alla terza parte, mentre al titolare del sito \u00e8 fatto solo obbligo di inserire nel sito il link al sito della terza parte ove tali elementi sono disponibili.<br \/>Alcuni dei servizi elencati di seguito in base alla funzionalit\u00e0 offerta agli Utenti, incentrati sull\u2019uso di Cookie di terze parti, potrebbero non richiedere il consenso dell'Utente.<br \/>Tali terzi, inoltre, potrebbero \u2013 in aggiunta a quanto specificato nella presente policy ed anche all\u2019insaputa del Titolare \u2013 compiere ulteriori attivit\u00e0 di tracciamento dell\u2019Utente. Per informazioni dettagliate in merito, si consiglia di consultare le rispettive privacy policy dei servizi elencati, nella quale l\u2019Utente potr\u00e0 ricevere le informazioni sul relativo trattamento ed esprimere il suo consenso al riguardo.<\/p><h4>MODALITA' DEL TRATTAMENTO<\/h4><p>Il trattamento viene effettuato con strumenti automatizzati dal Titolare. Non viene effettuata alcuna diffusione o comunicazione.<\/p><h4>CONFERIMENTO DEI DATI<\/h4><p>Fatta eccezione per i cookie tecnici strettamente necessari alla normale navigazione, il conferimento dei dati \u00e8 rimesso alla volont\u00e0 dell\u2019interessato che decida di navigare sul sito dopo aver preso visione dell\u2019informativa breve contenuta nell\u2019apposito banner e di usufruire dei servizi di terze parti che comportano l\u2019installazione di cookie.<br \/>L\u2019interessato pu\u00f2 quindi evitare l\u2019installazione dei cookie attraverso le apposite funzioni disponibili sul proprio browser.<\/p><h4>DISABILITAZIONE DEI COOKIE<\/h4><p>In aggiunta a quanto indicato in questo documento, l\u2019Utente pu\u00f2 gestire le preferenze relative ai Cookie direttamente all\u2019interno del proprio browser ed impedire \u2013 ad esempio \u2013 che terze parti possano installarne. Tramite le preferenze del browser \u00e8 inoltre possibile eliminare i Cookie installati in passato, incluso il Cookie in cui venga eventualmente salvato il consenso all\u2019installazione di Cookie da parte di questo sito. \u00c8 importante notare che disabilitando tutti i Cookie, il funzionamento di questo sito potrebbe essere compromesso.<br \/>Ciascun browser presenta procedure diverse per la gestione delle impostazioni. L\u2019utente pu\u00f2 ottenere istruzioni specifiche attraverso i link sottostanti.<\/p><p><a href=\"http:\/\/windows.microsoft.com\/it-it\/windows7\/block-enable-or-allow-cookies\" target=\"_blank\" rel=\"noopener\">Microsoft Windows Explorer<\/a><\/p><p><a href=\"https:\/\/support.google.com\/chrome\/bin\/answer.py?hl=it&amp;answer=95647&amp;p=cpn_cookies\" target=\"_blank\" rel=\"noopener\">Google Chrome<\/a><\/p><p><a href=\"http:\/\/support.mozilla.org\/it-IT\/kb\/Enabling%20and%20disabling%20cookies\" target=\"_blank\" rel=\"noopener\">Mozilla Firefox<\/a><\/p><p><a href=\"http:\/\/support.apple.com\/kb\/PH17191?viewlocale=it_IT&amp;locale=it_IT\" target=\"_blank\" rel=\"noopener\">Apple Safari<\/a><\/p><p><a href=\"http:\/\/help.opera.com\/Windows\/10.00\/it\/cookies.html\" target=\"_blank\" rel=\"noopener\">Opera<\/a><\/p><p><a href=\"http:\/\/www.google.com\/ads\/preferences\/?hl=it\" target=\"_blank\" rel=\"noopener\">Servizi di Google<\/a><\/p><p><a href=\"https:\/\/www.facebook.com\/help\/cookies?ref_type=sitefooter\" target=\"_blank\" rel=\"noopener\">Facebook<\/a><\/p><p><a href=\"https:\/\/support.twitter.com\/articles\/20170519-uso-dei-cookie-e-di-altre-tecnologie-simili-da-parte-di-twitter\" target=\"_blank\" rel=\"noopener\">Twitter<\/a><\/p><p><a href=\"https:\/\/www.linkedin.com\/legal\/privacy-policy\" target=\"_blank\" rel=\"noopener\">LinkedIn<\/a><\/p><p><a href=\"http:\/\/www.google.it\/intl\/it\/policies\/privacy\/\" target=\"_blank\" rel=\"noopener\">Vimeo<\/a><\/p><p><a href=\"http:\/\/www.google.it\/intl\/it\/policies\/privacy\/\" target=\"_blank\" rel=\"noopener\">Youtube<\/a><\/p><p>\u2013 La disattivazione dei cookie di terze parti \u00e8 inoltre possibile attraverso le modalit\u00e0 rese disponibili direttamente dalla societ\u00e0 terza titolare per detto trattamento, come indicato ai link riportati nel paragrafo \u201ccookie di terze parti\u201d<\/p><p>\u2013 In caso di servizi erogati da terze parti, l\u2019Utente pu\u00f2 inoltre esercitare il proprio diritto ad opporsi al tracciamento informandosi tramite la privacy policy della terza parte, tramite il link di opt out se esplicitamente fornito o contattando direttamente la stessa.<\/p>\n\t\t\t\t\t<\/div>\n\t\t\t\t\t\t<\/div>\n\t\t\t\t<\/div>\n\t\t\t\t\t<\/div>\n\t\t<\/div>\n\t\t\t\t\t<\/div>\n\t\t<\/section>\n\t\t\t\t<\/div>\n\t\t","protected":false},"excerpt":{"rendered":"<p>PRIVACY POLICY Gentile Utente,La informiamo, ai sensi dell&#8217;art. 13 del D. Lgs. 196\/2003, che shabbychiccolors.com proceder\u00e0 al trattamento dei dati<\/p>\n","protected":false},"author":1,"featured_media":0,"parent":0,"menu_order":0,"comment_status":"closed","ping_status":"closed","template":"","meta":{"_joinchat":[],"footnotes":""},"class_list":["post-2372","page","type-page","status-publish","hentry"],"_links":{"self":[{"href":"https:\/\/www.shabbychiccolors.com\/en\/wp-json\/wp\/v2\/pages\/2372","targetHints":{"allow":["GET"]}}],"collection":[{"href":"https:\/\/www.shabbychiccolors.com\/en\/wp-json\/wp\/v2\/pages"}],"about":[{"href":"https:\/\/www.shabbychiccolors.com\/en\/wp-json\/wp\/v2\/types\/page"}],"author":[{"embeddable":true,"href":"https:\/\/www.shabbychiccolors.com\/en\/wp-json\/wp\/v2\/users\/1"}],"replies":[{"embeddable":true,"href":"https:\/\/www.shabbychiccolors.com\/en\/wp-json\/wp\/v2\/comments?post=2372"}],"version-history":[{"count":2,"href":"https:\/\/www.shabbychiccolors.com\/en\/wp-json\/wp\/v2\/pages\/2372\/revisions"}],"predecessor-version":[{"id":16312,"href":"https:\/\/www.shabbychiccolors.com\/en\/wp-json\/wp\/v2\/pages\/2372\/revisions\/16312"}],"wp:attachment":[{"href":"https:\/\/www.shabbychiccolors.com\/en\/wp-json\/wp\/v2\/media?parent=2372"}],"curies":[{"name":"wp","href":"https:\/\/api.w.org\/{rel}","templated":true}]}}